{"id":4667,"date":"2025-06-16T17:33:14","date_gmt":"2025-06-16T15:33:14","guid":{"rendered":"https:\/\/docentia.uautonoma.cl\/?page_id=4667"},"modified":"2025-07-03T17:06:31","modified_gmt":"2025-07-03T15:06:31","slug":"recursos-de-comunicacion","status":"publish","type":"page","link":"https:\/\/docentia.uautonoma.cl\/en\/recursos-de-comunicacion\/","title":{"rendered":"Communication resources"},"content":{"rendered":"<div data-elementor-type=\"wp-page\" data-elementor-id=\"4667\" class=\"elementor elementor-4667\" data-elementor-post-type=\"page\">\n\t\t\t\t<div class=\"elementor-element elementor-element-a49c0a6 e-flex e-con-boxed e-con e-parent\" data-id=\"a49c0a6\" data-element_type=\"container\" data-e-type=\"container\">\n\t\t\t\t\t<div class=\"e-con-inner\">\n\t\t<div class=\"elementor-element elementor-element-3b82563 e-con-full e-flex e-con e-child\" data-id=\"3b82563\" data-element_type=\"container\" data-e-type=\"container\" data-settings=\"{&quot;background_background&quot;:&quot;classic&quot;}\">\n\t\t\t\t<div class=\"elementor-element elementor-element-bf4840e elementor-widget elementor-widget-heading\" data-id=\"bf4840e\" data-element_type=\"widget\" data-e-type=\"widget\" data-widget_type=\"heading.default\">\n\t\t\t\t<div class=\"elementor-widget-container\">\n\t\t\t\t\t<h2 class=\"elementor-heading-title elementor-size-default\">Communication resources <\/h2>\t\t\t\t<\/div>\n\t\t\t\t<\/div>\n\t\t\t\t<div class=\"elementor-element elementor-element-8c3081c elementor-widget elementor-widget-text-editor\" data-id=\"8c3081c\" data-element_type=\"widget\" data-e-type=\"widget\" data-widget_type=\"text-editor.default\">\n\t\t\t\t<div class=\"elementor-widget-container\">\n\t\t\t\t\t\t\t\t\t<p>En este espacio encontrar\u00e1s los lineamientos gr\u00e1ficos, logos oficiales y el manual de identidad visual del Centro de Innovaci\u00f3n y Desarrollo Docente. Estos recursos est\u00e1n destinados a asegurar una comunicaci\u00f3n visual coherente y alineada con la imagen institucional.<\/p>\t\t\t\t\t\t\t\t<\/div>\n\t\t\t\t<\/div>\n\t\t\t\t<div class=\"elementor-element elementor-element-437fe0b elementor-widget elementor-widget-spacer\" data-id=\"437fe0b\" data-element_type=\"widget\" data-e-type=\"widget\" data-widget_type=\"spacer.default\">\n\t\t\t\t<div class=\"elementor-widget-container\">\n\t\t\t\t\t\t\t<div class=\"elementor-spacer\">\n\t\t\t<div class=\"elementor-spacer-inner\"><\/div>\n\t\t<\/div>\n\t\t\t\t\t\t<\/div>\n\t\t\t\t<\/div>\n\t\t\t\t<\/div>\n\t\t\t\t<div class=\"elementor-element elementor-element-e9dfcd3 elementor-widget elementor-widget-spacer\" data-id=\"e9dfcd3\" data-element_type=\"widget\" data-e-type=\"widget\" data-widget_type=\"spacer.default\">\n\t\t\t\t<div class=\"elementor-widget-container\">\n\t\t\t\t\t\t\t<div class=\"elementor-spacer\">\n\t\t\t<div class=\"elementor-spacer-inner\"><\/div>\n\t\t<\/div>\n\t\t\t\t\t\t<\/div>\n\t\t\t\t<\/div>\n\t\t\t\t\t<\/div>\n\t\t\t\t<\/div>\n\t\t<div class=\"elementor-element elementor-element-0fb5ce1 e-flex e-con-boxed e-con e-parent\" data-id=\"0fb5ce1\" data-element_type=\"container\" data-e-type=\"container\">\n\t\t\t\t\t<div class=\"e-con-inner\">\n\t\t\t\t\t<\/div>\n\t\t\t\t<\/div>\n\t\t<div class=\"elementor-element elementor-element-fa7e4e1 e-flex e-con-boxed e-con e-parent\" data-id=\"fa7e4e1\" data-element_type=\"container\" data-e-type=\"container\">\n\t\t\t\t\t<div class=\"e-con-inner\">\n\t\t<div class=\"elementor-element elementor-element-cb5a8a6 e-con-full e-flex e-con e-child\" data-id=\"cb5a8a6\" data-element_type=\"container\" data-e-type=\"container\">\n\t\t<div class=\"elementor-element elementor-element-00304b9 e-con-full e-flex e-con e-child\" data-id=\"00304b9\" data-element_type=\"container\" data-e-type=\"container\" data-settings=\"{&quot;background_background&quot;:&quot;gradient&quot;}\">\n\t\t\t\t<div class=\"elementor-element elementor-element-fb16e06 elementor-widget elementor-widget-heading\" data-id=\"fb16e06\" data-element_type=\"widget\" data-e-type=\"widget\" data-widget_type=\"heading.default\">\n\t\t\t\t<div class=\"elementor-widget-container\">\n\t\t\t\t\t<h2 class=\"elementor-heading-title elementor-size-default\">Manual de marca<\/h2>\t\t\t\t<\/div>\n\t\t\t\t<\/div>\n\t\t<div class=\"elementor-element elementor-element-86a9d8f e-con-full e-flex e-con e-child\" data-id=\"86a9d8f\" data-element_type=\"container\" data-e-type=\"container\" data-settings=\"{&quot;background_background&quot;:&quot;classic&quot;}\">\n\t\t\t\t<div class=\"elementor-element elementor-element-3e88ae8 elementor-widget elementor-widget-text-editor\" data-id=\"3e88ae8\" data-element_type=\"widget\" data-e-type=\"widget\" data-widget_type=\"text-editor.default\">\n\t\t\t\t<div class=\"elementor-widget-container\">\n\t\t\t\t\t\t\t\t\t<div class=\"custom-card__body\">\n<div class=\"custom-card__body\">\n<p>Esta gu\u00eda detalla los elementos gr\u00e1ficos del Centro y c\u00f3mo deben aplicarse en distintos soportes, contribuyendo as\u00ed a una comunicaci\u00f3n clara y coherente.<\/p>\n<\/div>\n<\/div>\t\t\t\t\t\t\t\t<\/div>\n\t\t\t\t<\/div>\n\t\t\t\t<div class=\"elementor-element elementor-element-0f78816 elementor-align-center elementor-widget elementor-widget-button\" data-id=\"0f78816\" data-element_type=\"widget\" data-e-type=\"widget\" data-widget_type=\"button.default\">\n\t\t\t\t<div class=\"elementor-widget-container\">\n\t\t\t\t\t\t\t\t\t<div class=\"elementor-button-wrapper\">\n\t\t\t\t\t<a class=\"elementor-button elementor-button-link elementor-size-sm elementor-animation-shrink\" href=\"https:\/\/docentia.uautonoma.cl\/wp-content\/uploads\/2025\/06\/Manual-de-Marca-Docentia_2025.pdf\">\n\t\t\t\t\t\t<span class=\"elementor-button-content-wrapper\">\n\t\t\t\t\t\t<span class=\"elementor-button-icon\">\n\t\t\t\t<svg xmlns=\"http:\/\/www.w3.org\/2000\/svg\" id=\"b1b5aed4-ea44-4386-8843-c4574dc0f48d\" data-name=\"Layer 1\" width=\"22.627\" height=\"21.2134\" viewbox=\"0 0 22.627 21.2134\"><polygon points=\"21.213 8.485 12.313 17.385 12.313 0 10.313 0 10.313 17.385 1.414 8.485 0 9.899 11.313 21.213 22.627 9.899 21.213 8.485\"><\/polygon><\/svg>\t\t\t<\/span>\n\t\t\t\t\t\t\t\t\t<span class=\"elementor-button-text\">Desc\u00e1rgalo aqu\u00ed<\/span>\n\t\t\t\t\t<\/span>\n\t\t\t\t\t<\/a>\n\t\t\t\t<\/div>\n\t\t\t\t\t\t\t\t<\/div>\n\t\t\t\t<\/div>\n\t\t\t\t<\/div>\n\t\t\t\t<\/div>\n\t\t\t\t<\/div>\n\t\t<div class=\"elementor-element elementor-element-55f0458 e-con-full e-flex e-con e-child\" data-id=\"55f0458\" data-element_type=\"container\" data-e-type=\"container\">\n\t\t<div class=\"elementor-element elementor-element-1b6a179 e-con-full e-flex e-con e-child\" data-id=\"1b6a179\" data-element_type=\"container\" data-e-type=\"container\" data-settings=\"{&quot;background_background&quot;:&quot;gradient&quot;}\">\n\t\t\t\t<div class=\"elementor-element elementor-element-375ab6f elementor-widget elementor-widget-heading\" data-id=\"375ab6f\" data-element_type=\"widget\" data-e-type=\"widget\" data-widget_type=\"heading.default\">\n\t\t\t\t<div class=\"elementor-widget-container\">\n\t\t\t\t\t<h2 class=\"elementor-heading-title elementor-size-default\">Logo Docentia<\/h2>\t\t\t\t<\/div>\n\t\t\t\t<\/div>\n\t\t<div class=\"elementor-element elementor-element-ae90c70 e-con-full e-flex e-con e-child\" data-id=\"ae90c70\" data-element_type=\"container\" data-e-type=\"container\" data-settings=\"{&quot;background_background&quot;:&quot;classic&quot;}\">\n\t\t\t\t<div class=\"elementor-element elementor-element-9362581 elementor-widget elementor-widget-text-editor\" data-id=\"9362581\" data-element_type=\"widget\" data-e-type=\"widget\" data-widget_type=\"text-editor.default\">\n\t\t\t\t<div class=\"elementor-widget-container\">\n\t\t\t\t\t\t\t\t\t<div class=\"custom-card__body\"><div class=\"custom-card__body\"><p>Este es el logotipo institucional del Centro, disponible en alta resoluci\u00f3n para asegurar una correcta visualizaci\u00f3n y aplicaci\u00f3n en distintos formatos.<\/p><\/div><\/div>\t\t\t\t\t\t\t\t<\/div>\n\t\t\t\t<\/div>\n\t\t\t\t<div class=\"elementor-element elementor-element-47ad2cf elementor-align-center elementor-widget elementor-widget-button\" data-id=\"47ad2cf\" data-element_type=\"widget\" data-e-type=\"widget\" data-widget_type=\"button.default\">\n\t\t\t\t<div class=\"elementor-widget-container\">\n\t\t\t\t\t\t\t\t\t<div class=\"elementor-button-wrapper\">\n\t\t\t\t\t<a class=\"elementor-button elementor-button-link elementor-size-sm elementor-animation-shrink\" href=\"https:\/\/docentia.uautonoma.cl\/wp-content\/uploads\/2025\/06\/Logo-Docentia-Formatos-descargable.zip\">\n\t\t\t\t\t\t<span class=\"elementor-button-content-wrapper\">\n\t\t\t\t\t\t<span class=\"elementor-button-icon\">\n\t\t\t\t<svg xmlns=\"http:\/\/www.w3.org\/2000\/svg\" id=\"b1b5aed4-ea44-4386-8843-c4574dc0f48d\" data-name=\"Layer 1\" width=\"22.627\" height=\"21.2134\" viewbox=\"0 0 22.627 21.2134\"><polygon points=\"21.213 8.485 12.313 17.385 12.313 0 10.313 0 10.313 17.385 1.414 8.485 0 9.899 11.313 21.213 22.627 9.899 21.213 8.485\"><\/polygon><\/svg>\t\t\t<\/span>\n\t\t\t\t\t\t\t\t\t<span class=\"elementor-button-text\">Desc\u00e1rgalo aqu\u00ed<\/span>\n\t\t\t\t\t<\/span>\n\t\t\t\t\t<\/a>\n\t\t\t\t<\/div>\n\t\t\t\t\t\t\t\t<\/div>\n\t\t\t\t<\/div>\n\t\t\t\t<\/div>\n\t\t\t\t<\/div>\n\t\t\t\t<\/div>\n\t\t\t\t\t<\/div>\n\t\t\t\t<\/div>\n\t\t<div class=\"elementor-element elementor-element-d705ed8 e-flex e-con-boxed e-con e-parent\" data-id=\"d705ed8\" data-element_type=\"container\" data-e-type=\"container\">\n\t\t\t\t\t<div class=\"e-con-inner\">\n\t\t<div class=\"elementor-element elementor-element-71bb43c e-con-full e-flex e-con e-child\" data-id=\"71bb43c\" data-element_type=\"container\" data-e-type=\"container\">\n\t\t<div class=\"elementor-element elementor-element-9462934 e-con-full e-flex e-con e-child\" data-id=\"9462934\" data-element_type=\"container\" data-e-type=\"container\">\n\t\t\t\t<div class=\"elementor-element elementor-element-908509d elementor-widget elementor-widget-spacer\" data-id=\"908509d\" data-element_type=\"widget\" data-e-type=\"widget\" data-widget_type=\"spacer.default\">\n\t\t\t\t<div class=\"elementor-widget-container\">\n\t\t\t\t\t\t\t<div class=\"elementor-spacer\">\n\t\t\t<div class=\"elementor-spacer-inner\"><\/div>\n\t\t<\/div>\n\t\t\t\t\t\t<\/div>\n\t\t\t\t<\/div>\n\t\t\t\t<div class=\"elementor-element elementor-element-dba38e7 elementor-widget elementor-widget-heading\" data-id=\"dba38e7\" data-element_type=\"widget\" data-e-type=\"widget\" data-widget_type=\"heading.default\">\n\t\t\t\t<div class=\"elementor-widget-container\">\n\t\t\t\t\t<h3 class=\"elementor-heading-title elementor-size-default\">Follow us on social media\n<\/h3>\t\t\t\t<\/div>\n\t\t\t\t<\/div>\n\t\t\t\t<div class=\"elementor-element elementor-element-3ebf74e elementor-widget elementor-widget-text-editor\" data-id=\"3ebf74e\" data-element_type=\"widget\" data-e-type=\"widget\" data-widget_type=\"text-editor.default\">\n\t\t\t\t<div class=\"elementor-widget-container\">\n\t\t\t\t\t\t\t\t\t<p>Stay up to date with our initiatives, projects and publications.<\/p>\t\t\t\t\t\t\t\t<\/div>\n\t\t\t\t<\/div>\n\t\t\t\t<div class=\"elementor-element elementor-element-43c2434 elementor-shape-rounded elementor-grid-0 e-grid-align-center elementor-widget elementor-widget-social-icons\" data-id=\"43c2434\" data-element_type=\"widget\" data-e-type=\"widget\" data-widget_type=\"social-icons.default\">\n\t\t\t\t<div class=\"elementor-widget-container\">\n\t\t\t\t\t\t\t<div class=\"elementor-social-icons-wrapper elementor-grid\" role=\"list\">\n\t\t\t\t\t\t\t<span class=\"elementor-grid-item\" role=\"listitem\">\n\t\t\t\t\t<a class=\"elementor-icon elementor-social-icon elementor-social-icon-linkedin elementor-animation-shrink elementor-repeater-item-d8b6dbf\" href=\"https:\/\/www.linkedin.com\/in\/docentia\/\" target=\"_blank\">\n\t\t\t\t\t\t<span class=\"elementor-screen-only\">Linkedin<\/span>\n\t\t\t\t\t\t<svg aria-hidden=\"true\" class=\"e-font-icon-svg e-fab-linkedin\" viewbox=\"0 0 448 512\" xmlns=\"http:\/\/www.w3.org\/2000\/svg\"><path d=\"M416 32H31.9C14.3 32 0 46.5 0 64.3v383.4C0 465.5 14.3 480 31.9 480H416c17.6 0 32-14.5 32-32.3V64.3c0-17.8-14.4-32.3-32-32.3zM135.4 416H69V202.2h66.5V416zm-33.2-243c-21.3 0-38.5-17.3-38.5-38.5S80.9 96 102.2 96c21.2 0 38.5 17.3 38.5 38.5 0 21.3-17.2 38.5-38.5 38.5zm282.1 243h-66.4V312c0-24.8-.5-56.7-34.5-56.7-34.6 0-39.9 27-39.9 54.9V416h-66.4V202.2h63.7v29.2h.9c8.9-16.8 30.6-34.5 62.9-34.5 67.2 0 79.7 44.3 79.7 101.9V416z\"><\/path><\/svg>\t\t\t\t\t<\/a>\n\t\t\t\t<\/span>\n\t\t\t\t\t\t\t<span class=\"elementor-grid-item\" role=\"listitem\">\n\t\t\t\t\t<a class=\"elementor-icon elementor-social-icon elementor-social-icon-instagram elementor-animation-shrink elementor-repeater-item-4b30375\" href=\"https:\/\/www.instagram.com\/docentia.uautonoma\/\" target=\"_blank\">\n\t\t\t\t\t\t<span class=\"elementor-screen-only\">Instagram<\/span>\n\t\t\t\t\t\t<svg aria-hidden=\"true\" class=\"e-font-icon-svg e-fab-instagram\" viewbox=\"0 0 448 512\" xmlns=\"http:\/\/www.w3.org\/2000\/svg\"><path d=\"M224.1 141c-63.6 0-114.9 51.3-114.9 114.9s51.3 114.9 114.9 114.9S339 319.5 339 255.9 287.7 141 224.1 141zm0 189.6c-41.1 0-74.7-33.5-74.7-74.7s33.5-74.7 74.7-74.7 74.7 33.5 74.7 74.7-33.6 74.7-74.7 74.7zm146.4-194.3c0 14.9-12 26.8-26.8 26.8-14.9 0-26.8-12-26.8-26.8s12-26.8 26.8-26.8 26.8 12 26.8 26.8zm76.1 27.2c-1.7-35.9-9.9-67.7-36.2-93.9-26.2-26.2-58-34.4-93.9-36.2-37-2.1-147.9-2.1-184.9 0-35.8 1.7-67.6 9.9-93.9 36.1s-34.4 58-36.2 93.9c-2.1 37-2.1 147.9 0 184.9 1.7 35.9 9.9 67.7 36.2 93.9s58 34.4 93.9 36.2c37 2.1 147.9 2.1 184.9 0 35.9-1.7 67.7-9.9 93.9-36.2 26.2-26.2 34.4-58 36.2-93.9 2.1-37 2.1-147.8 0-184.8zM398.8 388c-7.8 19.6-22.9 34.7-42.6 42.6-29.5 11.7-99.5 9-132.1 9s-102.7 2.6-132.1-9c-19.6-7.8-34.7-22.9-42.6-42.6-11.7-29.5-9-99.5-9-132.1s-2.6-102.7 9-132.1c7.8-19.6 22.9-34.7 42.6-42.6 29.5-11.7 99.5-9 132.1-9s102.7-2.6 132.1 9c19.6 7.8 34.7 22.9 42.6 42.6 11.7 29.5 9 99.5 9 132.1s2.7 102.7-9 132.1z\"><\/path><\/svg>\t\t\t\t\t<\/a>\n\t\t\t\t<\/span>\n\t\t\t\t\t\t\t<span class=\"elementor-grid-item\" role=\"listitem\">\n\t\t\t\t\t<a class=\"elementor-icon elementor-social-icon elementor-social-icon-youtube elementor-animation-shrink elementor-repeater-item-920dbc2\" href=\"https:\/\/www.youtube.com\/@docentiauautonoma\" target=\"_blank\">\n\t\t\t\t\t\t<span class=\"elementor-screen-only\">Youtube<\/span>\n\t\t\t\t\t\t<svg aria-hidden=\"true\" class=\"e-font-icon-svg e-fab-youtube\" viewbox=\"0 0 576 512\" xmlns=\"http:\/\/www.w3.org\/2000\/svg\"><path d=\"M549.655 124.083c-6.281-23.65-24.787-42.276-48.284-48.597C458.781 64 288 64 288 64S117.22 64 74.629 75.486c-23.497 6.322-42.003 24.947-48.284 48.597-11.412 42.867-11.412 132.305-11.412 132.305s0 89.438 11.412 132.305c6.281 23.65 24.787 41.5 48.284 47.821C117.22 448 288 448 288 448s170.78 0 213.371-11.486c23.497-6.321 42.003-24.171 48.284-47.821 11.412-42.867 11.412-132.305 11.412-132.305s0-89.438-11.412-132.305zm-317.51 213.508V175.185l142.739 81.205-142.739 81.201z\"><\/path><\/svg>\t\t\t\t\t<\/a>\n\t\t\t\t<\/span>\n\t\t\t\t\t<\/div>\n\t\t\t\t\t\t<\/div>\n\t\t\t\t<\/div>\n\t\t\t\t<div class=\"elementor-element elementor-element-58c37e9 elementor-widget elementor-widget-spacer\" data-id=\"58c37e9\" data-element_type=\"widget\" data-e-type=\"widget\" data-widget_type=\"spacer.default\">\n\t\t\t\t<div class=\"elementor-widget-container\">\n\t\t\t\t\t\t\t<div class=\"elementor-spacer\">\n\t\t\t<div class=\"elementor-spacer-inner\"><\/div>\n\t\t<\/div>\n\t\t\t\t\t\t<\/div>\n\t\t\t\t<\/div>\n\t\t\t\t<\/div>\n\t\t\t\t<\/div>\n\t\t\t\t\t<\/div>\n\t\t\t\t<\/div>\n\t\t\t\t<\/div>","protected":false},"excerpt":{"rendered":"<p>Recursos de comunicaci\u00f3n En este espacio encontrar\u00e1s los lineamientos gr\u00e1ficos, logos oficiales y el manual de identidad visual del Centro de Innovaci\u00f3n y Desarrollo Docente. Estos recursos est\u00e1n destinados a [&hellip;]<\/p>","protected":false},"author":1,"featured_media":0,"parent":0,"menu_order":0,"comment_status":"closed","ping_status":"closed","template":"","meta":{"_eb_attr":"","_piecal_is_event":false,"_piecal_start_date":"","_piecal_end_date":"","_piecal_is_allday":false,"_EventAllDay":false,"_EventTimezone":"","_EventStartDate":"","_EventEndDate":"","_EventStartDateUTC":"","_EventEndDateUTC":"","_EventShowMap":false,"_EventShowMapLink":false,"_EventURL":"","_EventCost":"","_EventCostDescription":"","_EventCurrencySymbol":"","_EventCurrencyCode":"","_EventCurrencyPosition":"","_EventDateTimeSeparator":"","_EventTimeRangeSeparator":"","_EventOrganizerID":[],"_EventVenueID":[],"_OrganizerEmail":"","_OrganizerPhone":"","_OrganizerWebsite":"","_VenueAddress":"","_VenueCity":"","_VenueCountry":"","_VenueProvince":"","_VenueState":"","_VenueZip":"","_VenuePhone":"","_VenueURL":"","_VenueStateProvince":"","_VenueLat":"","_VenueLng":"","_VenueShowMap":false,"_VenueShowMapLink":false,"footnotes":""},"class_list":["post-4667","page","type-page","status-publish","hentry"],"acf":[],"yoast_head":"<!-- This site is optimized with the Yoast SEO plugin v25.6 - https:\/\/yoast.com\/wordpress\/plugins\/seo\/ -->\n<title>Recursos de comunicaci\u00f3n - Docentia<\/title>\n<meta name=\"robots\" content=\"index, follow, max-snippet:-1, max-image-preview:large, max-video-preview:-1\" \/>\n<link rel=\"canonical\" href=\"https:\/\/docentia.uautonoma.cl\/en\/recursos-de-comunicacion\/\" \/>\n<meta property=\"og:locale\" content=\"en_US\" \/>\n<meta property=\"og:type\" content=\"article\" \/>\n<meta property=\"og:title\" content=\"Recursos de comunicaci\u00f3n - Docentia\" \/>\n<meta property=\"og:description\" content=\"Recursos de comunicaci\u00f3n En este espacio encontrar\u00e1s los lineamientos gr\u00e1ficos, logos oficiales y el manual de identidad visual del Centro de Innovaci\u00f3n y Desarrollo Docente. Estos recursos est\u00e1n destinados a [&hellip;]\" \/>\n<meta property=\"og:url\" content=\"https:\/\/docentia.uautonoma.cl\/en\/recursos-de-comunicacion\/\" \/>\n<meta property=\"og:site_name\" content=\"Docentia\" \/>\n<meta property=\"article:modified_time\" content=\"2025-07-03T15:06:31+00:00\" \/>\n<meta name=\"twitter:card\" content=\"summary_large_image\" \/>\n<meta name=\"twitter:label1\" content=\"Est. reading time\" \/>\n\t<meta name=\"twitter:data1\" content=\"1 minute\" \/>\n<script type=\"application\/ld+json\" class=\"yoast-schema-graph\">{\"@context\":\"https:\/\/schema.org\",\"@graph\":[{\"@type\":\"WebPage\",\"@id\":\"https:\/\/docentia.uautonoma.cl\/recursos-de-comunicacion\/\",\"url\":\"https:\/\/docentia.uautonoma.cl\/recursos-de-comunicacion\/\",\"name\":\"Recursos de comunicaci\u00f3n - Docentia\",\"isPartOf\":{\"@id\":\"https:\/\/docentia.uautonoma.cl\/#website\"},\"datePublished\":\"2025-06-16T15:33:14+00:00\",\"dateModified\":\"2025-07-03T15:06:31+00:00\",\"breadcrumb\":{\"@id\":\"https:\/\/docentia.uautonoma.cl\/recursos-de-comunicacion\/#breadcrumb\"},\"inLanguage\":\"en-US\",\"potentialAction\":[{\"@type\":\"ReadAction\",\"target\":[\"https:\/\/docentia.uautonoma.cl\/recursos-de-comunicacion\/\"]}]},{\"@type\":\"BreadcrumbList\",\"@id\":\"https:\/\/docentia.uautonoma.cl\/recursos-de-comunicacion\/#breadcrumb\",\"itemListElement\":[{\"@type\":\"ListItem\",\"position\":1,\"name\":\"Portada\",\"item\":\"https:\/\/docentia.uautonoma.cl\/\"},{\"@type\":\"ListItem\",\"position\":2,\"name\":\"Recursos de comunicaci\u00f3n\"}]},{\"@type\":\"WebSite\",\"@id\":\"https:\/\/docentia.uautonoma.cl\/#website\",\"url\":\"https:\/\/docentia.uautonoma.cl\/\",\"name\":\"Docentia\",\"description\":\"Centro de Innovaci\u00f3n y Desarrollo Docente\",\"publisher\":{\"@id\":\"https:\/\/docentia.uautonoma.cl\/#organization\"},\"potentialAction\":[{\"@type\":\"SearchAction\",\"target\":{\"@type\":\"EntryPoint\",\"urlTemplate\":\"https:\/\/docentia.uautonoma.cl\/?s={search_term_string}\"},\"query-input\":{\"@type\":\"PropertyValueSpecification\",\"valueRequired\":true,\"valueName\":\"search_term_string\"}}],\"inLanguage\":\"en-US\"},{\"@type\":\"Organization\",\"@id\":\"https:\/\/docentia.uautonoma.cl\/#organization\",\"name\":\"Docentia\",\"url\":\"https:\/\/docentia.uautonoma.cl\/\",\"logo\":{\"@type\":\"ImageObject\",\"inLanguage\":\"en-US\",\"@id\":\"https:\/\/docentia.uautonoma.cl\/#\/schema\/logo\/image\/\",\"url\":\"https:\/\/docentia.uautonoma.cl\/wp-content\/uploads\/2024\/04\/logofinal-01.png\",\"contentUrl\":\"https:\/\/docentia.uautonoma.cl\/wp-content\/uploads\/2024\/04\/logofinal-01.png\",\"width\":4167,\"height\":2084,\"caption\":\"Docentia\"},\"image\":{\"@id\":\"https:\/\/docentia.uautonoma.cl\/#\/schema\/logo\/image\/\"},\"sameAs\":[\"https:\/\/www.linkedin.com\/in\/docentia\/\"]}]}<\/script>\n<!-- \/ Yoast SEO plugin. -->","yoast_head_json":{"title":"Recursos de comunicaci\u00f3n - Docentia","robots":{"index":"index","follow":"follow","max-snippet":"max-snippet:-1","max-image-preview":"max-image-preview:large","max-video-preview":"max-video-preview:-1"},"canonical":"https:\/\/docentia.uautonoma.cl\/en\/recursos-de-comunicacion\/","og_locale":"en_US","og_type":"article","og_title":"Recursos de comunicaci\u00f3n - Docentia","og_description":"Recursos de comunicaci\u00f3n En este espacio encontrar\u00e1s los lineamientos gr\u00e1ficos, logos oficiales y el manual de identidad visual del Centro de Innovaci\u00f3n y Desarrollo Docente. Estos recursos est\u00e1n destinados a [&hellip;]","og_url":"https:\/\/docentia.uautonoma.cl\/en\/recursos-de-comunicacion\/","og_site_name":"Docentia","article_modified_time":"2025-07-03T15:06:31+00:00","twitter_card":"summary_large_image","twitter_misc":{"Est. reading time":"1 minute"},"schema":{"@context":"https:\/\/schema.org","@graph":[{"@type":"WebPage","@id":"https:\/\/docentia.uautonoma.cl\/recursos-de-comunicacion\/","url":"https:\/\/docentia.uautonoma.cl\/recursos-de-comunicacion\/","name":"Recursos de comunicaci\u00f3n - Docentia","isPartOf":{"@id":"https:\/\/docentia.uautonoma.cl\/#website"},"datePublished":"2025-06-16T15:33:14+00:00","dateModified":"2025-07-03T15:06:31+00:00","breadcrumb":{"@id":"https:\/\/docentia.uautonoma.cl\/recursos-de-comunicacion\/#breadcrumb"},"inLanguage":"en-US","potentialAction":[{"@type":"ReadAction","target":["https:\/\/docentia.uautonoma.cl\/recursos-de-comunicacion\/"]}]},{"@type":"BreadcrumbList","@id":"https:\/\/docentia.uautonoma.cl\/recursos-de-comunicacion\/#breadcrumb","itemListElement":[{"@type":"ListItem","position":1,"name":"Portada","item":"https:\/\/docentia.uautonoma.cl\/"},{"@type":"ListItem","position":2,"name":"Recursos de comunicaci\u00f3n"}]},{"@type":"WebSite","@id":"https:\/\/docentia.uautonoma.cl\/#website","url":"https:\/\/docentia.uautonoma.cl\/","name":"Docentia","description":"Centro de Innovaci\u00f3n y Desarrollo Docente","publisher":{"@id":"https:\/\/docentia.uautonoma.cl\/#organization"},"potentialAction":[{"@type":"SearchAction","target":{"@type":"EntryPoint","urlTemplate":"https:\/\/docentia.uautonoma.cl\/?s={search_term_string}"},"query-input":{"@type":"PropertyValueSpecification","valueRequired":true,"valueName":"search_term_string"}}],"inLanguage":"en-US"},{"@type":"Organization","@id":"https:\/\/docentia.uautonoma.cl\/#organization","name":"Docentia","url":"https:\/\/docentia.uautonoma.cl\/","logo":{"@type":"ImageObject","inLanguage":"en-US","@id":"https:\/\/docentia.uautonoma.cl\/#\/schema\/logo\/image\/","url":"https:\/\/docentia.uautonoma.cl\/wp-content\/uploads\/2024\/04\/logofinal-01.png","contentUrl":"https:\/\/docentia.uautonoma.cl\/wp-content\/uploads\/2024\/04\/logofinal-01.png","width":4167,"height":2084,"caption":"Docentia"},"image":{"@id":"https:\/\/docentia.uautonoma.cl\/#\/schema\/logo\/image\/"},"sameAs":["https:\/\/www.linkedin.com\/in\/docentia\/"]}]}},"_links":{"self":[{"href":"https:\/\/docentia.uautonoma.cl\/en\/wp-json\/wp\/v2\/pages\/4667","targetHints":{"allow":["GET"]}}],"collection":[{"href":"https:\/\/docentia.uautonoma.cl\/en\/wp-json\/wp\/v2\/pages"}],"about":[{"href":"https:\/\/docentia.uautonoma.cl\/en\/wp-json\/wp\/v2\/types\/page"}],"author":[{"embeddable":true,"href":"https:\/\/docentia.uautonoma.cl\/en\/wp-json\/wp\/v2\/users\/1"}],"replies":[{"embeddable":true,"href":"https:\/\/docentia.uautonoma.cl\/en\/wp-json\/wp\/v2\/comments?post=4667"}],"version-history":[{"count":28,"href":"https:\/\/docentia.uautonoma.cl\/en\/wp-json\/wp\/v2\/pages\/4667\/revisions"}],"predecessor-version":[{"id":5104,"href":"https:\/\/docentia.uautonoma.cl\/en\/wp-json\/wp\/v2\/pages\/4667\/revisions\/5104"}],"wp:attachment":[{"href":"https:\/\/docentia.uautonoma.cl\/en\/wp-json\/wp\/v2\/media?parent=4667"}],"curies":[{"name":"wp","href":"https:\/\/api.w.org\/{rel}","templated":true}]}}