{"id":4963,"date":"2025-06-30T20:44:16","date_gmt":"2025-06-30T18:44:16","guid":{"rendered":"https:\/\/docentia.uautonoma.cl\/?page_id=4963"},"modified":"2025-06-30T22:38:01","modified_gmt":"2025-06-30T20:38:01","slug":"congreso-2025","status":"publish","type":"page","link":"https:\/\/docentia.uautonoma.cl\/en\/congreso-2025\/","title":{"rendered":"Congreso 2025"},"content":{"rendered":"<div data-elementor-type=\"wp-page\" data-elementor-id=\"4963\" class=\"elementor elementor-4963\" data-elementor-post-type=\"page\">\n\t\t\t\t<div class=\"elementor-element elementor-element-92ae481 e-flex e-con-boxed e-con e-parent\" data-id=\"92ae481\" data-element_type=\"container\" data-e-type=\"container\" data-settings=\"{&quot;background_background&quot;:&quot;classic&quot;}\">\n\t\t\t\t\t<div class=\"e-con-inner\">\n\t\t\t\t<div class=\"elementor-element elementor-element-1d7f14d elementor-widget elementor-widget-image\" data-id=\"1d7f14d\" data-element_type=\"widget\" data-e-type=\"widget\" data-widget_type=\"image.default\">\n\t\t\t\t<div class=\"elementor-widget-container\">\n\t\t\t\t\t\t\t\t\t\t\t\t\t\t\t<img fetchpriority=\"high\" decoding=\"async\" width=\"800\" height=\"286\" src=\"https:\/\/docentia.uautonoma.cl\/wp-content\/uploads\/2025\/06\/Logo-Congreso-1024x366.png\" class=\"attachment-large size-large wp-image-4965\" alt=\"\" srcset=\"https:\/\/docentia.uautonoma.cl\/wp-content\/uploads\/2025\/06\/Logo-Congreso-1024x366.png 1024w, https:\/\/docentia.uautonoma.cl\/wp-content\/uploads\/2025\/06\/Logo-Congreso-300x107.png 300w, https:\/\/docentia.uautonoma.cl\/wp-content\/uploads\/2025\/06\/Logo-Congreso-768x274.png 768w, https:\/\/docentia.uautonoma.cl\/wp-content\/uploads\/2025\/06\/Logo-Congreso-1536x549.png 1536w, https:\/\/docentia.uautonoma.cl\/wp-content\/uploads\/2025\/06\/Logo-Congreso.png 1764w\" sizes=\"(max-width: 800px) 100vw, 800px\" \/>\t\t\t\t\t\t\t\t\t\t\t\t\t\t\t<\/div>\n\t\t\t\t<\/div>\n\t\t\t\t\t<\/div>\n\t\t\t\t<\/div>\n\t\t<div class=\"elementor-element elementor-element-5eee6df e-flex e-con-boxed e-con e-parent\" data-id=\"5eee6df\" data-element_type=\"container\" data-e-type=\"container\">\n\t\t\t\t\t<div class=\"e-con-inner\">\n\t\t\t\t<div class=\"elementor-element elementor-element-a1450ac elementor-widget elementor-widget-text-editor\" data-id=\"a1450ac\" data-element_type=\"widget\" data-e-type=\"widget\" data-widget_type=\"text-editor.default\">\n\t\t\t\t<div class=\"elementor-widget-container\">\n\t\t\t\t\t\t\t\t\t<p>\u00a0<\/p><p style=\"text-align: center;\"><b>\u00a1Prep\u00e1rate para el Congreso DOCENTIA 2025!<\/b><\/p><p>\u00a0<\/p>\t\t\t\t\t\t\t\t<\/div>\n\t\t\t\t<\/div>\n\t\t\t\t\t<\/div>\n\t\t\t\t<\/div>\n\t\t<div class=\"elementor-element elementor-element-6d68edf e-con-full e-flex e-con e-parent\" data-id=\"6d68edf\" data-element_type=\"container\" data-e-type=\"container\">\n\t\t<div class=\"elementor-element elementor-element-3221984 e-con-full e-flex e-con e-child\" data-id=\"3221984\" data-element_type=\"container\" data-e-type=\"container\">\n\t\t\t\t<div class=\"elementor-element elementor-element-f15d366 elementor-widget elementor-widget-text-editor\" data-id=\"f15d366\" data-element_type=\"widget\" data-e-type=\"widget\" data-widget_type=\"text-editor.default\">\n\t\t\t\t<div class=\"elementor-widget-container\">\n\t\t\t\t\t\t\t\t\t<p class=\"p1\">El encuentro acad\u00e9mico que conecta a las instituciones de Educaci\u00f3n Superior para transformar la ense\u00f1anza y liderar la innovaci\u00f3n.<\/p><p class=\"p1\"><span class=\"s2\"><b>14 y 15 de octubre<\/b><\/span> |\u00a0 Auditorio PV 425, Universidad Aut\u00f3noma de Chile<\/p><p class=\"p1\">Pr\u00f3ximamente m\u00e1s informaci\u00f3n sobre programa, inscripciones y actividades.\u00a0<\/p><p>\u00a0<\/p><p class=\"p1\"><b>\u00bfTienes una experiencia o proyecto innovador en docencia?<\/b><b><\/b><\/p><p class=\"p1\"><b>Prepara tu workshop, comunicaci\u00f3n oral o p\u00f3ster<\/b><span class=\"s1\">, porque pronto se abrir\u00e1 la convocatoria.<\/span><\/p><p class=\"p2\">\u00a1S\u00e9 parte activa del congreso y comparte tu aporte con la comunidad acad\u00e9mica!<\/p>\t\t\t\t\t\t\t\t<\/div>\n\t\t\t\t<\/div>\n\t\t\t\t<\/div>\n\t\t<div class=\"elementor-element elementor-element-057bc0b e-con-full e-flex e-con e-child\" data-id=\"057bc0b\" data-element_type=\"container\" data-e-type=\"container\">\n\t\t\t\t<div class=\"elementor-element elementor-element-409af9f elementor-widget__width-initial elementor-widget elementor-widget-image\" data-id=\"409af9f\" data-element_type=\"widget\" data-e-type=\"widget\" data-widget_type=\"image.default\">\n\t\t\t\t<div class=\"elementor-widget-container\">\n\t\t\t\t\t\t\t\t\t\t\t\t\t\t\t<img decoding=\"async\" width=\"800\" height=\"1006\" src=\"https:\/\/docentia.uautonoma.cl\/wp-content\/uploads\/2025\/06\/Captura-de-pantalla-2025-06-30-a-las-14.42.59-814x1024.png\" class=\"attachment-large size-large wp-image-4971\" alt=\"\" srcset=\"https:\/\/docentia.uautonoma.cl\/wp-content\/uploads\/2025\/06\/Captura-de-pantalla-2025-06-30-a-las-14.42.59-814x1024.png 814w, https:\/\/docentia.uautonoma.cl\/wp-content\/uploads\/2025\/06\/Captura-de-pantalla-2025-06-30-a-las-14.42.59-238x300.png 238w, https:\/\/docentia.uautonoma.cl\/wp-content\/uploads\/2025\/06\/Captura-de-pantalla-2025-06-30-a-las-14.42.59-768x967.png 768w, https:\/\/docentia.uautonoma.cl\/wp-content\/uploads\/2025\/06\/Captura-de-pantalla-2025-06-30-a-las-14.42.59.png 1052w\" sizes=\"(max-width: 800px) 100vw, 800px\" \/>\t\t\t\t\t\t\t\t\t\t\t\t\t\t\t<\/div>\n\t\t\t\t<\/div>\n\t\t\t\t<\/div>\n\t\t\t\t<\/div>\n\t\t<div class=\"elementor-element elementor-element-633409d e-flex e-con-boxed e-con e-parent\" data-id=\"633409d\" data-element_type=\"container\" data-e-type=\"container\">\n\t\t\t\t\t<div class=\"e-con-inner\">\n\t\t<div class=\"elementor-element elementor-element-f13182d e-con-full e-flex e-con e-child\" data-id=\"f13182d\" data-element_type=\"container\" data-e-type=\"container\">\n\t\t\t\t<div class=\"elementor-element elementor-element-49ac732 elementor-widget elementor-widget-spacer\" data-id=\"49ac732\" data-element_type=\"widget\" data-e-type=\"widget\" data-widget_type=\"spacer.default\">\n\t\t\t\t<div class=\"elementor-widget-container\">\n\t\t\t\t\t\t\t<div class=\"elementor-spacer\">\n\t\t\t<div class=\"elementor-spacer-inner\"><\/div>\n\t\t<\/div>\n\t\t\t\t\t\t<\/div>\n\t\t\t\t<\/div>\n\t\t\t\t<div class=\"elementor-element elementor-element-41af409 elementor-widget elementor-widget-spacer\" data-id=\"41af409\" data-element_type=\"widget\" data-e-type=\"widget\" data-widget_type=\"spacer.default\">\n\t\t\t\t<div class=\"elementor-widget-container\">\n\t\t\t\t\t\t\t<div class=\"elementor-spacer\">\n\t\t\t<div class=\"elementor-spacer-inner\"><\/div>\n\t\t<\/div>\n\t\t\t\t\t\t<\/div>\n\t\t\t\t<\/div>\n\t\t\t\t<div class=\"elementor-element elementor-element-d082b4c elementor-widget elementor-widget-heading\" data-id=\"d082b4c\" data-element_type=\"widget\" data-e-type=\"widget\" data-widget_type=\"heading.default\">\n\t\t\t\t<div class=\"elementor-widget-container\">\n\t\t\t\t\t<h3 class=\"elementor-heading-title elementor-size-default\">Follow us on social media\n<\/h3>\t\t\t\t<\/div>\n\t\t\t\t<\/div>\n\t\t\t\t<div class=\"elementor-element elementor-element-53f7a98 elementor-widget elementor-widget-text-editor\" data-id=\"53f7a98\" data-element_type=\"widget\" data-e-type=\"widget\" data-widget_type=\"text-editor.default\">\n\t\t\t\t<div class=\"elementor-widget-container\">\n\t\t\t\t\t\t\t\t\t<p>Stay up to date with our initiatives, projects and publications.<\/p>\t\t\t\t\t\t\t\t<\/div>\n\t\t\t\t<\/div>\n\t\t\t\t<div class=\"elementor-element elementor-element-c49fa88 elementor-shape-rounded elementor-grid-0 e-grid-align-center elementor-widget elementor-widget-social-icons\" data-id=\"c49fa88\" data-element_type=\"widget\" data-e-type=\"widget\" data-widget_type=\"social-icons.default\">\n\t\t\t\t<div class=\"elementor-widget-container\">\n\t\t\t\t\t\t\t<div class=\"elementor-social-icons-wrapper elementor-grid\" role=\"list\">\n\t\t\t\t\t\t\t<span class=\"elementor-grid-item\" role=\"listitem\">\n\t\t\t\t\t<a class=\"elementor-icon elementor-social-icon elementor-social-icon-linkedin elementor-animation-shrink elementor-repeater-item-d8b6dbf\" href=\"https:\/\/www.linkedin.com\/in\/docentia\/\" target=\"_blank\">\n\t\t\t\t\t\t<span class=\"elementor-screen-only\">Linkedin<\/span>\n\t\t\t\t\t\t<svg aria-hidden=\"true\" class=\"e-font-icon-svg e-fab-linkedin\" viewbox=\"0 0 448 512\" xmlns=\"http:\/\/www.w3.org\/2000\/svg\"><path d=\"M416 32H31.9C14.3 32 0 46.5 0 64.3v383.4C0 465.5 14.3 480 31.9 480H416c17.6 0 32-14.5 32-32.3V64.3c0-17.8-14.4-32.3-32-32.3zM135.4 416H69V202.2h66.5V416zm-33.2-243c-21.3 0-38.5-17.3-38.5-38.5S80.9 96 102.2 96c21.2 0 38.5 17.3 38.5 38.5 0 21.3-17.2 38.5-38.5 38.5zm282.1 243h-66.4V312c0-24.8-.5-56.7-34.5-56.7-34.6 0-39.9 27-39.9 54.9V416h-66.4V202.2h63.7v29.2h.9c8.9-16.8 30.6-34.5 62.9-34.5 67.2 0 79.7 44.3 79.7 101.9V416z\"><\/path><\/svg>\t\t\t\t\t<\/a>\n\t\t\t\t<\/span>\n\t\t\t\t\t\t\t<span class=\"elementor-grid-item\" role=\"listitem\">\n\t\t\t\t\t<a class=\"elementor-icon elementor-social-icon elementor-social-icon-instagram elementor-animation-shrink elementor-repeater-item-4b30375\" href=\"https:\/\/www.instagram.com\/docentia.uautonoma\/\" target=\"_blank\">\n\t\t\t\t\t\t<span class=\"elementor-screen-only\">Instagram<\/span>\n\t\t\t\t\t\t<svg aria-hidden=\"true\" class=\"e-font-icon-svg e-fab-instagram\" viewbox=\"0 0 448 512\" xmlns=\"http:\/\/www.w3.org\/2000\/svg\"><path d=\"M224.1 141c-63.6 0-114.9 51.3-114.9 114.9s51.3 114.9 114.9 114.9S339 319.5 339 255.9 287.7 141 224.1 141zm0 189.6c-41.1 0-74.7-33.5-74.7-74.7s33.5-74.7 74.7-74.7 74.7 33.5 74.7 74.7-33.6 74.7-74.7 74.7zm146.4-194.3c0 14.9-12 26.8-26.8 26.8-14.9 0-26.8-12-26.8-26.8s12-26.8 26.8-26.8 26.8 12 26.8 26.8zm76.1 27.2c-1.7-35.9-9.9-67.7-36.2-93.9-26.2-26.2-58-34.4-93.9-36.2-37-2.1-147.9-2.1-184.9 0-35.8 1.7-67.6 9.9-93.9 36.1s-34.4 58-36.2 93.9c-2.1 37-2.1 147.9 0 184.9 1.7 35.9 9.9 67.7 36.2 93.9s58 34.4 93.9 36.2c37 2.1 147.9 2.1 184.9 0 35.9-1.7 67.7-9.9 93.9-36.2 26.2-26.2 34.4-58 36.2-93.9 2.1-37 2.1-147.8 0-184.8zM398.8 388c-7.8 19.6-22.9 34.7-42.6 42.6-29.5 11.7-99.5 9-132.1 9s-102.7 2.6-132.1-9c-19.6-7.8-34.7-22.9-42.6-42.6-11.7-29.5-9-99.5-9-132.1s-2.6-102.7 9-132.1c7.8-19.6 22.9-34.7 42.6-42.6 29.5-11.7 99.5-9 132.1-9s102.7-2.6 132.1 9c19.6 7.8 34.7 22.9 42.6 42.6 11.7 29.5 9 99.5 9 132.1s2.7 102.7-9 132.1z\"><\/path><\/svg>\t\t\t\t\t<\/a>\n\t\t\t\t<\/span>\n\t\t\t\t\t\t\t<span class=\"elementor-grid-item\" role=\"listitem\">\n\t\t\t\t\t<a class=\"elementor-icon elementor-social-icon elementor-social-icon-youtube elementor-animation-shrink elementor-repeater-item-920dbc2\" href=\"https:\/\/www.youtube.com\/@docentiauautonoma\" target=\"_blank\">\n\t\t\t\t\t\t<span class=\"elementor-screen-only\">Youtube<\/span>\n\t\t\t\t\t\t<svg aria-hidden=\"true\" class=\"e-font-icon-svg e-fab-youtube\" viewbox=\"0 0 576 512\" xmlns=\"http:\/\/www.w3.org\/2000\/svg\"><path d=\"M549.655 124.083c-6.281-23.65-24.787-42.276-48.284-48.597C458.781 64 288 64 288 64S117.22 64 74.629 75.486c-23.497 6.322-42.003 24.947-48.284 48.597-11.412 42.867-11.412 132.305-11.412 132.305s0 89.438 11.412 132.305c6.281 23.65 24.787 41.5 48.284 47.821C117.22 448 288 448 288 448s170.78 0 213.371-11.486c23.497-6.321 42.003-24.171 48.284-47.821 11.412-42.867 11.412-132.305 11.412-132.305s0-89.438-11.412-132.305zm-317.51 213.508V175.185l142.739 81.205-142.739 81.201z\"><\/path><\/svg>\t\t\t\t\t<\/a>\n\t\t\t\t<\/span>\n\t\t\t\t\t<\/div>\n\t\t\t\t\t\t<\/div>\n\t\t\t\t<\/div>\n\t\t\t\t<div class=\"elementor-element elementor-element-3afb7d5 elementor-widget elementor-widget-spacer\" data-id=\"3afb7d5\" data-element_type=\"widget\" data-e-type=\"widget\" data-widget_type=\"spacer.default\">\n\t\t\t\t<div class=\"elementor-widget-container\">\n\t\t\t\t\t\t\t<div class=\"elementor-spacer\">\n\t\t\t<div class=\"elementor-spacer-inner\"><\/div>\n\t\t<\/div>\n\t\t\t\t\t\t<\/div>\n\t\t\t\t<\/div>\n\t\t\t\t<\/div>\n\t\t\t\t\t<\/div>\n\t\t\t\t<\/div>\n\t\t\t\t<\/div>","protected":false},"excerpt":{"rendered":"<p>\u00a0 \u00a1Prep\u00e1rate para el Congreso DOCENTIA 2025! \u00a0 El encuentro acad\u00e9mico que conecta a las instituciones de Educaci\u00f3n Superior para transformar la ense\u00f1anza y liderar la innovaci\u00f3n. 14 y 15 [&hellip;]<\/p>","protected":false},"author":1,"featured_media":0,"parent":0,"menu_order":0,"comment_status":"closed","ping_status":"closed","template":"","meta":{"_eb_attr":"","_piecal_is_event":false,"_piecal_start_date":"","_piecal_end_date":"","_piecal_is_allday":false,"_EventAllDay":false,"_EventTimezone":"","_EventStartDate":"","_EventEndDate":"","_EventStartDateUTC":"","_EventEndDateUTC":"","_EventShowMap":false,"_EventShowMapLink":false,"_EventURL":"","_EventCost":"","_EventCostDescription":"","_EventCurrencySymbol":"","_EventCurrencyCode":"","_EventCurrencyPosition":"","_EventDateTimeSeparator":"","_EventTimeRangeSeparator":"","_EventOrganizerID":[],"_EventVenueID":[],"_OrganizerEmail":"","_OrganizerPhone":"","_OrganizerWebsite":"","_VenueAddress":"","_VenueCity":"","_VenueCountry":"","_VenueProvince":"","_VenueState":"","_VenueZip":"","_VenuePhone":"","_VenueURL":"","_VenueStateProvince":"","_VenueLat":"","_VenueLng":"","_VenueShowMap":false,"_VenueShowMapLink":false,"footnotes":""},"class_list":["post-4963","page","type-page","status-publish","hentry"],"acf":[],"yoast_head":"<!-- This site is optimized with the Yoast SEO plugin v25.6 - https:\/\/yoast.com\/wordpress\/plugins\/seo\/ -->\n<title>Congreso 2025 - Docentia<\/title>\n<meta name=\"robots\" content=\"index, follow, max-snippet:-1, max-image-preview:large, max-video-preview:-1\" \/>\n<link rel=\"canonical\" href=\"https:\/\/docentia.uautonoma.cl\/en\/congreso-2025\/\" \/>\n<meta property=\"og:locale\" content=\"en_US\" \/>\n<meta property=\"og:type\" content=\"article\" \/>\n<meta property=\"og:title\" content=\"Congreso 2025 - Docentia\" \/>\n<meta property=\"og:description\" content=\"\u00a0 \u00a1Prep\u00e1rate para el Congreso DOCENTIA 2025! \u00a0 El encuentro acad\u00e9mico que conecta a las instituciones de Educaci\u00f3n Superior para transformar la ense\u00f1anza y liderar la innovaci\u00f3n. 14 y 15 [&hellip;]\" \/>\n<meta property=\"og:url\" content=\"https:\/\/docentia.uautonoma.cl\/en\/congreso-2025\/\" \/>\n<meta property=\"og:site_name\" content=\"Docentia\" \/>\n<meta property=\"article:modified_time\" content=\"2025-06-30T20:38:01+00:00\" \/>\n<meta property=\"og:image\" content=\"https:\/\/docentia.uautonoma.cl\/wp-content\/uploads\/2025\/06\/Logo-Congreso.png\" \/>\n\t<meta property=\"og:image:width\" content=\"1764\" \/>\n\t<meta property=\"og:image:height\" content=\"630\" \/>\n\t<meta property=\"og:image:type\" content=\"image\/png\" \/>\n<meta name=\"twitter:card\" content=\"summary_large_image\" \/>\n<meta name=\"twitter:label1\" content=\"Est. reading time\" \/>\n\t<meta name=\"twitter:data1\" content=\"1 minute\" \/>\n<script type=\"application\/ld+json\" class=\"yoast-schema-graph\">{\"@context\":\"https:\/\/schema.org\",\"@graph\":[{\"@type\":\"WebPage\",\"@id\":\"https:\/\/docentia.uautonoma.cl\/congreso-2025\/\",\"url\":\"https:\/\/docentia.uautonoma.cl\/congreso-2025\/\",\"name\":\"Congreso 2025 - Docentia\",\"isPartOf\":{\"@id\":\"https:\/\/docentia.uautonoma.cl\/#website\"},\"primaryImageOfPage\":{\"@id\":\"https:\/\/docentia.uautonoma.cl\/congreso-2025\/#primaryimage\"},\"image\":{\"@id\":\"https:\/\/docentia.uautonoma.cl\/congreso-2025\/#primaryimage\"},\"thumbnailUrl\":\"https:\/\/docentia.uautonoma.cl\/wp-content\/uploads\/2025\/06\/Logo-Congreso-1024x366.png\",\"datePublished\":\"2025-06-30T18:44:16+00:00\",\"dateModified\":\"2025-06-30T20:38:01+00:00\",\"breadcrumb\":{\"@id\":\"https:\/\/docentia.uautonoma.cl\/congreso-2025\/#breadcrumb\"},\"inLanguage\":\"en-US\",\"potentialAction\":[{\"@type\":\"ReadAction\",\"target\":[\"https:\/\/docentia.uautonoma.cl\/congreso-2025\/\"]}]},{\"@type\":\"ImageObject\",\"inLanguage\":\"en-US\",\"@id\":\"https:\/\/docentia.uautonoma.cl\/congreso-2025\/#primaryimage\",\"url\":\"https:\/\/docentia.uautonoma.cl\/wp-content\/uploads\/2025\/06\/Logo-Congreso-1024x366.png\",\"contentUrl\":\"https:\/\/docentia.uautonoma.cl\/wp-content\/uploads\/2025\/06\/Logo-Congreso-1024x366.png\"},{\"@type\":\"BreadcrumbList\",\"@id\":\"https:\/\/docentia.uautonoma.cl\/congreso-2025\/#breadcrumb\",\"itemListElement\":[{\"@type\":\"ListItem\",\"position\":1,\"name\":\"Portada\",\"item\":\"https:\/\/docentia.uautonoma.cl\/\"},{\"@type\":\"ListItem\",\"position\":2,\"name\":\"Congreso 2025\"}]},{\"@type\":\"WebSite\",\"@id\":\"https:\/\/docentia.uautonoma.cl\/#website\",\"url\":\"https:\/\/docentia.uautonoma.cl\/\",\"name\":\"Docentia\",\"description\":\"Centro de Innovaci\u00f3n y Desarrollo Docente\",\"publisher\":{\"@id\":\"https:\/\/docentia.uautonoma.cl\/#organization\"},\"potentialAction\":[{\"@type\":\"SearchAction\",\"target\":{\"@type\":\"EntryPoint\",\"urlTemplate\":\"https:\/\/docentia.uautonoma.cl\/?s={search_term_string}\"},\"query-input\":{\"@type\":\"PropertyValueSpecification\",\"valueRequired\":true,\"valueName\":\"search_term_string\"}}],\"inLanguage\":\"en-US\"},{\"@type\":\"Organization\",\"@id\":\"https:\/\/docentia.uautonoma.cl\/#organization\",\"name\":\"Docentia\",\"url\":\"https:\/\/docentia.uautonoma.cl\/\",\"logo\":{\"@type\":\"ImageObject\",\"inLanguage\":\"en-US\",\"@id\":\"https:\/\/docentia.uautonoma.cl\/#\/schema\/logo\/image\/\",\"url\":\"https:\/\/docentia.uautonoma.cl\/wp-content\/uploads\/2024\/04\/logofinal-01.png\",\"contentUrl\":\"https:\/\/docentia.uautonoma.cl\/wp-content\/uploads\/2024\/04\/logofinal-01.png\",\"width\":4167,\"height\":2084,\"caption\":\"Docentia\"},\"image\":{\"@id\":\"https:\/\/docentia.uautonoma.cl\/#\/schema\/logo\/image\/\"},\"sameAs\":[\"https:\/\/www.linkedin.com\/in\/docentia\/\"]}]}<\/script>\n<!-- \/ Yoast SEO plugin. -->","yoast_head_json":{"title":"Congreso 2025 - Docentia","robots":{"index":"index","follow":"follow","max-snippet":"max-snippet:-1","max-image-preview":"max-image-preview:large","max-video-preview":"max-video-preview:-1"},"canonical":"https:\/\/docentia.uautonoma.cl\/en\/congreso-2025\/","og_locale":"en_US","og_type":"article","og_title":"Congreso 2025 - Docentia","og_description":"\u00a0 \u00a1Prep\u00e1rate para el Congreso DOCENTIA 2025! \u00a0 El encuentro acad\u00e9mico que conecta a las instituciones de Educaci\u00f3n Superior para transformar la ense\u00f1anza y liderar la innovaci\u00f3n. 14 y 15 [&hellip;]","og_url":"https:\/\/docentia.uautonoma.cl\/en\/congreso-2025\/","og_site_name":"Docentia","article_modified_time":"2025-06-30T20:38:01+00:00","og_image":[{"width":1764,"height":630,"url":"https:\/\/docentia.uautonoma.cl\/wp-content\/uploads\/2025\/06\/Logo-Congreso.png","type":"image\/png"}],"twitter_card":"summary_large_image","twitter_misc":{"Est. reading time":"1 minute"},"schema":{"@context":"https:\/\/schema.org","@graph":[{"@type":"WebPage","@id":"https:\/\/docentia.uautonoma.cl\/congreso-2025\/","url":"https:\/\/docentia.uautonoma.cl\/congreso-2025\/","name":"Congreso 2025 - Docentia","isPartOf":{"@id":"https:\/\/docentia.uautonoma.cl\/#website"},"primaryImageOfPage":{"@id":"https:\/\/docentia.uautonoma.cl\/congreso-2025\/#primaryimage"},"image":{"@id":"https:\/\/docentia.uautonoma.cl\/congreso-2025\/#primaryimage"},"thumbnailUrl":"https:\/\/docentia.uautonoma.cl\/wp-content\/uploads\/2025\/06\/Logo-Congreso-1024x366.png","datePublished":"2025-06-30T18:44:16+00:00","dateModified":"2025-06-30T20:38:01+00:00","breadcrumb":{"@id":"https:\/\/docentia.uautonoma.cl\/congreso-2025\/#breadcrumb"},"inLanguage":"en-US","potentialAction":[{"@type":"ReadAction","target":["https:\/\/docentia.uautonoma.cl\/congreso-2025\/"]}]},{"@type":"ImageObject","inLanguage":"en-US","@id":"https:\/\/docentia.uautonoma.cl\/congreso-2025\/#primaryimage","url":"https:\/\/docentia.uautonoma.cl\/wp-content\/uploads\/2025\/06\/Logo-Congreso-1024x366.png","contentUrl":"https:\/\/docentia.uautonoma.cl\/wp-content\/uploads\/2025\/06\/Logo-Congreso-1024x366.png"},{"@type":"BreadcrumbList","@id":"https:\/\/docentia.uautonoma.cl\/congreso-2025\/#breadcrumb","itemListElement":[{"@type":"ListItem","position":1,"name":"Portada","item":"https:\/\/docentia.uautonoma.cl\/"},{"@type":"ListItem","position":2,"name":"Congreso 2025"}]},{"@type":"WebSite","@id":"https:\/\/docentia.uautonoma.cl\/#website","url":"https:\/\/docentia.uautonoma.cl\/","name":"Docentia","description":"Centro de Innovaci\u00f3n y Desarrollo Docente","publisher":{"@id":"https:\/\/docentia.uautonoma.cl\/#organization"},"potentialAction":[{"@type":"SearchAction","target":{"@type":"EntryPoint","urlTemplate":"https:\/\/docentia.uautonoma.cl\/?s={search_term_string}"},"query-input":{"@type":"PropertyValueSpecification","valueRequired":true,"valueName":"search_term_string"}}],"inLanguage":"en-US"},{"@type":"Organization","@id":"https:\/\/docentia.uautonoma.cl\/#organization","name":"Docentia","url":"https:\/\/docentia.uautonoma.cl\/","logo":{"@type":"ImageObject","inLanguage":"en-US","@id":"https:\/\/docentia.uautonoma.cl\/#\/schema\/logo\/image\/","url":"https:\/\/docentia.uautonoma.cl\/wp-content\/uploads\/2024\/04\/logofinal-01.png","contentUrl":"https:\/\/docentia.uautonoma.cl\/wp-content\/uploads\/2024\/04\/logofinal-01.png","width":4167,"height":2084,"caption":"Docentia"},"image":{"@id":"https:\/\/docentia.uautonoma.cl\/#\/schema\/logo\/image\/"},"sameAs":["https:\/\/www.linkedin.com\/in\/docentia\/"]}]}},"_links":{"self":[{"href":"https:\/\/docentia.uautonoma.cl\/en\/wp-json\/wp\/v2\/pages\/4963","targetHints":{"allow":["GET"]}}],"collection":[{"href":"https:\/\/docentia.uautonoma.cl\/en\/wp-json\/wp\/v2\/pages"}],"about":[{"href":"https:\/\/docentia.uautonoma.cl\/en\/wp-json\/wp\/v2\/types\/page"}],"author":[{"embeddable":true,"href":"https:\/\/docentia.uautonoma.cl\/en\/wp-json\/wp\/v2\/users\/1"}],"replies":[{"embeddable":true,"href":"https:\/\/docentia.uautonoma.cl\/en\/wp-json\/wp\/v2\/comments?post=4963"}],"version-history":[{"count":9,"href":"https:\/\/docentia.uautonoma.cl\/en\/wp-json\/wp\/v2\/pages\/4963\/revisions"}],"predecessor-version":[{"id":4977,"href":"https:\/\/docentia.uautonoma.cl\/en\/wp-json\/wp\/v2\/pages\/4963\/revisions\/4977"}],"wp:attachment":[{"href":"https:\/\/docentia.uautonoma.cl\/en\/wp-json\/wp\/v2\/media?parent=4963"}],"curies":[{"name":"wp","href":"https:\/\/api.w.org\/{rel}","templated":true}]}}