{"id":6468,"date":"2026-02-24T23:42:29","date_gmt":"2026-02-24T22:42:29","guid":{"rendered":"https:\/\/docentia.uautonoma.cl\/?page_id=6468"},"modified":"2026-03-05T16:03:01","modified_gmt":"2026-03-05T15:03:01","slug":"inscripcion-cursos-nivel-avanzado-docentes-regulares","status":"publish","type":"page","link":"https:\/\/docentia.uautonoma.cl\/en\/inscripcion-cursos-nivel-avanzado-docentes-regulares\/","title":{"rendered":"Inscripci\u00f3n cursos Nivel Avanzado &#8211; Docentes regulares"},"content":{"rendered":"<div data-elementor-type=\"wp-page\" data-elementor-id=\"6468\" class=\"elementor elementor-6468\" data-elementor-post-type=\"page\">\n\t\t\t\t<div class=\"elementor-element elementor-element-73d6e23 e-flex e-con-boxed e-con e-parent\" data-id=\"73d6e23\" data-element_type=\"container\" data-e-type=\"container\">\n\t\t\t\t\t<div class=\"e-con-inner\">\n\t\t\t\t<div class=\"elementor-element elementor-element-6620363 elementor-widget elementor-widget-html\" data-id=\"6620363\" data-element_type=\"widget\" data-e-type=\"widget\" data-widget_type=\"html.default\">\n\t\t\t\t<div class=\"elementor-widget-container\">\n\t\t\t\t\t<script src=\"https:\/\/cdn.jsdelivr.net\/npm\/sweetalert2@11\"><\/script>\n\n<div class=\"container\">\n  <h2 style=\"text-align: center;\"><strong>Inscripci\u00f3n cursos electivos <br>nivel Avanzado<\/strong> <br>\n  <br>Exclusivo para docentes regulares<\/h2> \n  <p style=\"text-align: center; font-weight: 500;\"><br>Fecha de inscripci\u00f3n: 02 al 11 de marzo de 2026<\/p>\n  <p style=\"text-align: center; font-weight: 500;\">Fecha de inicio y acceso a los cursos: 11 de marzo de 2026<\/p>\n\n  <div style=\"text-align: center; margin-bottom: 20px;\">\n    <p><strong>Antes de inscribirte, revisa:<\/strong><\/p>\n    <a href=\"https:\/\/resultados-individuales-ua.streamlit.app\/\" target=\"_blank\" class=\"ruta-btn\">Estado de Avance Ruta Formativa<\/a>\n  <\/div>\n\n  <form id=\"enrollmentForm\" action=\"\">\n    <label for=\"nombres\">Nombres<\/label>\n    <input type=\"text\" id=\"nombres\" required>\n\n    <label for=\"apellidos\">Apellidos<\/label>\n    <input type=\"text\" id=\"apellidos\" required>\n\n    <label for=\"rut\">RUT (sin puntos ni guion)<\/label>\n    <input type=\"text\" id=\"rut\" required>\n\n    <label for=\"correo\">Correo institucional<\/label>\n    <input type=\"email\" id=\"correo\" required>\n\n    <label for=\"carrera\">Carrera<\/label>\n    <input type=\"text\" id=\"carrera\" required>\n\n    <label for=\"sede\">Sede<\/label>\n    <select id=\"sede\" required>\n      <option value=\"\">-- Selecciona una sede --<\/option>\n      <option value=\"Santiago (El Llano)\">Santiago (El Llano)<\/option>\n      <option value=\"Santiago (Providencia)\">Santiago (Providencia)<\/option>\n      <option value=\"Talca\">Talca<\/option>\n      <option value=\"Temuco\">Temuco<\/option>\n    <\/select>\n\n    <p><strong>Selecciona un curso<\/strong><\/p>\n    <p style=\"margin-top: 5px; margin-bottom: 5px;\"><strong><\/strong><\/p>\n\n    <select id=\"course\">\n      <option value=\"\">-- Selecciona un curso --<\/option>\n      <option value=\"97827\">Did\u00e1ctica para Aprendizaje Pr\u00e1ctico\/Laboratorio (electivo)<\/option>\n      <option value=\"97828\">Inteligencia Artificial Aplicada a la Docencia (electivo)<\/option>\n      <option value=\"97829\">Did\u00e1ctica de la Simulaci\u00f3n (electivo)<\/option>\n      <option value=\"97830\">Formulaci\u00f3n de Proyectos (electivo)<\/option>\n    <\/select>\n\n    <div id=\"selectedCourses\" class=\"selected-courses\"><\/div>\n\n    <div style=\"text-align: center; margin-top: 40px;\">\n      <button type=\"submit\" id=\"submitBtn\" class=\"btn-inscripcion\">Enviar inscripci\u00f3n<\/button>\n    <\/div>\n  <input type=\"hidden\" name=\"trp-form-language\" value=\"en\"\/><\/form>\n<\/div>\n\n<style>\n  .container {\n    font-family: Barlow, sans-serif;\n    max-width: 600px;\n    background: #fff;\n    margin: 0 auto;\n    padding: 20px;\n    border: 1px solid #ddd;\n    border-radius: 4px;\n  }\n  label {\n    display: block;\n    margin: 10px 0 5px;\n  }\n  input, select {\n    width: 100%;\n    padding: 8px;\n    margin-bottom: 10px;\n  }\n  .selected-courses {\n    display: flex;\n    flex-wrap: wrap;\n    gap: 10px;\n    margin-top: 15px;\n    padding-top: 10px;\n    border-top: 1px solid #ccc;\n  }\n  .course-pill {\n    background: rgba(7, 153, 158, 0.1);\n    color: #333;\n    border: 1px solid #07999E;\n    padding: 6px 12px;\n    border-radius: 20px;\n    font-size: 14px;\n    display: flex;\n    align-items: center;\n  }\n  .course-pill .remove-btn {\n    margin-left: 8px;\n    color: #07999E;\n    font-weight: bold;\n    cursor: pointer;\n  }\n  .btn-inscripcion {\n    background-color: #07999E;\n    color: white;\n    border: none;\n    padding: 12px 28px;\n    border-radius: 6px;\n    font-size: 16px;\n    cursor: pointer;\n    transition: background-color 0.3s ease;\n  }\n  .btn-inscripcion:hover {\n    background-color: #e20000;\n  }\n  .ruta-btn {\n    background: #07999E;\n    color: #fff !important;\n    padding: 8px 16px;\n    border-radius: 30px;\n    text-decoration: none;\n    font-weight: 500;\n    display: inline-block;\n  }\n<\/style>\n\n<script>\n  setTimeout(() => {\n    const selectedCourses = new Set();\n    const courseSelect = document.getElementById('course');\n    const selectedCoursesDiv = document.getElementById('selectedCourses');\n    const submitBtn = document.getElementById('submitBtn');\n    submitBtn.disabled = true;\n\n    const spreadsheetScriptUrl = \"https:\/\/script.google.com\/macros\/s\/AKfycbyAQfSO6irFFagyP8htKFF-nWsKlJ5ElbBVV0Za85NYkwDg6YEXOPifrdmdgt2-fkBU\/exec\";\n\n    function validateRut(rut) {\n      const rutClean = rut.replace(\/\\.|-\/g, '').toUpperCase();\n      if (rutClean.length < 2) return false;\n      const cuerpo = rutClean.slice(0, -1);\n      let dv = rutClean.slice(-1);\n      let suma = 0;\n      let multiplicador = 2;\n      for (let i = cuerpo.length - 1; i >= 0; i--) {\n        suma += parseInt(cuerpo.charAt(i)) * multiplicador;\n        multiplicador = (multiplicador === 7) ? 2 : multiplicador + 1;\n      }\n      let expectedDv = 11 - (suma % 11);\n      expectedDv = expectedDv === 11 ? '0' : expectedDv === 10 ? 'K' : expectedDv.toString();\n      return dv === expectedDv;\n    }\n\n    function renderSelectedCourses() {\n      selectedCoursesDiv.innerHTML = '';\n      selectedCourses.forEach(course => {\n        const pill = document.createElement('span');\n        pill.className = 'course-pill';\n        pill.innerHTML = `${course} <span class=\"remove-btn\" data-course=\"${course}\">&times;<\/span>`;\n        selectedCoursesDiv.appendChild(pill);\n      });\n\n      document.querySelectorAll('.remove-btn').forEach(btn => {\n        btn.addEventListener('click', e => {\n          const courseToRemove = e.target.getAttribute('data-course');\n          selectedCourses.delete(courseToRemove);\n          renderSelectedCourses();\n        });\n      });\n\n      submitBtn.disabled = selectedCourses.size === 0;\n    }\n\n    courseSelect.addEventListener('change', () => {\n      const selectedOption = courseSelect.options[courseSelect.selectedIndex];\n      const value = selectedOption.value;\n      const label = selectedOption.text;\n      if (value && !selectedCourses.has(label)) {\n        selectedCourses.add(label);\n        renderSelectedCourses();\n      }\n      courseSelect.selectedIndex = 0;\n    });\n\n    document.getElementById('enrollmentForm').addEventListener('submit', function (event) {\n      event.preventDefault();\n\n      const nombres = document.getElementById('nombres').value.trim();\n      const apellidos = document.getElementById('apellidos').value.trim();\n      const rut = document.getElementById('rut').value.trim();\n      const correo = document.getElementById('correo').value.trim().toLowerCase();\n      const carrera = document.getElementById('carrera').value.trim();\n      const sede = document.getElementById('sede').value.trim();\n\n      if (!validateRut(rut)) {\n        Swal.fire({ icon: 'warning', title: 'RUT no v\u00e1lido', text: 'Ingresa un RUT v\u00e1lido.' });\n        return;\n      }\n\n      if (!correo.endsWith('@uautonoma.cl') && !correo.endsWith('@cloud.uautonoma.cl')) {\n        Swal.fire({ icon: 'warning', title: 'Correo no v\u00e1lido', text: 'Usa un correo institucional.' });\n        return;\n      }\n\n      if (selectedCourses.size === 0) {\n        Swal.fire({ icon: 'warning', title: 'Sin cursos seleccionados', text: 'Debes seleccionar al menos un curso.' });\n        return;\n      }\n\n      submitBtn.disabled = true;\n\n      selectedCourses.forEach(course => {\n        const courseId = [...document.querySelectorAll(\"#course option\")]\n          .find(opt => opt.text === course)?.value;\n\n        const payload = { nombres, apellidos, rut, correo, carrera, sede, course_id: courseId };\n\n        fetch('https:\/\/app.datanetwork.cl\/enrollment_students.php', {\n          method: 'POST',\n          headers: { 'Content-Type': 'application\/json' },\n          body: JSON.stringify(payload)\n        })\n        .then(res => res.json())\n        .then(result => {\n\n          \/\/ Env\u00edo a Google Sheets con nivel incluido\n          fetch(spreadsheetScriptUrl, {\n            method: 'POST',\n            headers: { 'Content-Type': 'application\/json' },\n            body: JSON.stringify({\n              nivel: \"Experto\",\n              nombres,\n              apellidos,\n              rut,\n              correo,\n              carrera,\n              sede,\n              cursos: Array.from(selectedCourses).join(', ')\n            })\n          });\n\n          if (result.success) {\n            Swal.fire({\n              icon: 'success',\n              title: '\u00a1Inscripci\u00f3n completada!',\n              text: 'Recuerda que el acceso estar\u00e1 disponible desde la fecha de inicio del curso.',\n              confirmButtonText: 'OK'\n            });\n          } else {\n            Swal.fire({\n              icon: 'warning',\n              title: 'Atenci\u00f3n',\n              text: result.message || 'No se pudo completar la inscripci\u00f3n.'\n            });\n          }\n        })\n        .catch(err => {\n          console.error(\"Error:\", err);\n          Swal.fire({\n            icon: 'error',\n            title: 'Error de servidor',\n            text: 'No se pudo procesar la inscripci\u00f3n. Intenta m\u00e1s tarde.'\n          });\n        });\n      });\n\n      this.reset();\n      selectedCourses.clear();\n      renderSelectedCourses();\n    });\n  }, 500);\n<\/script>\t\t\t\t<\/div>\n\t\t\t\t<\/div>\n\t\t\t\t\t<\/div>\n\t\t\t\t<\/div>\n\t\t<div class=\"elementor-element elementor-element-281cb5a e-flex e-con-boxed e-con e-parent\" data-id=\"281cb5a\" data-element_type=\"container\" data-e-type=\"container\">\n\t\t\t\t\t<div class=\"e-con-inner\">\n\t\t<div class=\"elementor-element elementor-element-58fe4b4 e-con-full e-flex e-con e-child\" data-id=\"58fe4b4\" data-element_type=\"container\" data-e-type=\"container\">\n\t\t<div class=\"elementor-element elementor-element-109f913 e-con-full e-flex e-con e-child\" data-id=\"109f913\" data-element_type=\"container\" data-e-type=\"container\">\n\t\t\t\t<div class=\"elementor-element elementor-element-a47101d elementor-widget elementor-widget-spacer\" data-id=\"a47101d\" data-element_type=\"widget\" data-e-type=\"widget\" data-widget_type=\"spacer.default\">\n\t\t\t\t<div class=\"elementor-widget-container\">\n\t\t\t\t\t\t\t<div class=\"elementor-spacer\">\n\t\t\t<div class=\"elementor-spacer-inner\"><\/div>\n\t\t<\/div>\n\t\t\t\t\t\t<\/div>\n\t\t\t\t<\/div>\n\t\t\t\t<div class=\"elementor-element elementor-element-8c4b5c7 elementor-widget elementor-widget-heading\" data-id=\"8c4b5c7\" data-element_type=\"widget\" data-e-type=\"widget\" data-widget_type=\"heading.default\">\n\t\t\t\t<div class=\"elementor-widget-container\">\n\t\t\t\t\t<h3 class=\"elementor-heading-title elementor-size-default\">Follow us on social media\n<\/h3>\t\t\t\t<\/div>\n\t\t\t\t<\/div>\n\t\t\t\t<div class=\"elementor-element elementor-element-63836e9 elementor-widget elementor-widget-text-editor\" data-id=\"63836e9\" data-element_type=\"widget\" data-e-type=\"widget\" data-widget_type=\"text-editor.default\">\n\t\t\t\t<div class=\"elementor-widget-container\">\n\t\t\t\t\t\t\t\t\t<p>Stay up to date with our initiatives, projects and publications.<\/p>\t\t\t\t\t\t\t\t<\/div>\n\t\t\t\t<\/div>\n\t\t\t\t<div class=\"elementor-element elementor-element-36d69fb elementor-shape-rounded elementor-grid-0 e-grid-align-center elementor-widget elementor-widget-social-icons\" data-id=\"36d69fb\" data-element_type=\"widget\" data-e-type=\"widget\" data-widget_type=\"social-icons.default\">\n\t\t\t\t<div class=\"elementor-widget-container\">\n\t\t\t\t\t\t\t<div class=\"elementor-social-icons-wrapper elementor-grid\" role=\"list\">\n\t\t\t\t\t\t\t<span class=\"elementor-grid-item\" role=\"listitem\">\n\t\t\t\t\t<a class=\"elementor-icon elementor-social-icon elementor-social-icon-linkedin elementor-animation-shrink elementor-repeater-item-d8b6dbf\" href=\"https:\/\/www.linkedin.com\/in\/docentia\/\" target=\"_blank\">\n\t\t\t\t\t\t<span class=\"elementor-screen-only\">Linkedin<\/span>\n\t\t\t\t\t\t<svg aria-hidden=\"true\" class=\"e-font-icon-svg e-fab-linkedin\" viewbox=\"0 0 448 512\" xmlns=\"http:\/\/www.w3.org\/2000\/svg\"><path d=\"M416 32H31.9C14.3 32 0 46.5 0 64.3v383.4C0 465.5 14.3 480 31.9 480H416c17.6 0 32-14.5 32-32.3V64.3c0-17.8-14.4-32.3-32-32.3zM135.4 416H69V202.2h66.5V416zm-33.2-243c-21.3 0-38.5-17.3-38.5-38.5S80.9 96 102.2 96c21.2 0 38.5 17.3 38.5 38.5 0 21.3-17.2 38.5-38.5 38.5zm282.1 243h-66.4V312c0-24.8-.5-56.7-34.5-56.7-34.6 0-39.9 27-39.9 54.9V416h-66.4V202.2h63.7v29.2h.9c8.9-16.8 30.6-34.5 62.9-34.5 67.2 0 79.7 44.3 79.7 101.9V416z\"><\/path><\/svg>\t\t\t\t\t<\/a>\n\t\t\t\t<\/span>\n\t\t\t\t\t\t\t<span class=\"elementor-grid-item\" role=\"listitem\">\n\t\t\t\t\t<a class=\"elementor-icon elementor-social-icon elementor-social-icon-instagram elementor-animation-shrink elementor-repeater-item-4b30375\" href=\"https:\/\/www.instagram.com\/docentia.uautonoma\/\" target=\"_blank\">\n\t\t\t\t\t\t<span class=\"elementor-screen-only\">Instagram<\/span>\n\t\t\t\t\t\t<svg aria-hidden=\"true\" class=\"e-font-icon-svg e-fab-instagram\" viewbox=\"0 0 448 512\" xmlns=\"http:\/\/www.w3.org\/2000\/svg\"><path d=\"M224.1 141c-63.6 0-114.9 51.3-114.9 114.9s51.3 114.9 114.9 114.9S339 319.5 339 255.9 287.7 141 224.1 141zm0 189.6c-41.1 0-74.7-33.5-74.7-74.7s33.5-74.7 74.7-74.7 74.7 33.5 74.7 74.7-33.6 74.7-74.7 74.7zm146.4-194.3c0 14.9-12 26.8-26.8 26.8-14.9 0-26.8-12-26.8-26.8s12-26.8 26.8-26.8 26.8 12 26.8 26.8zm76.1 27.2c-1.7-35.9-9.9-67.7-36.2-93.9-26.2-26.2-58-34.4-93.9-36.2-37-2.1-147.9-2.1-184.9 0-35.8 1.7-67.6 9.9-93.9 36.1s-34.4 58-36.2 93.9c-2.1 37-2.1 147.9 0 184.9 1.7 35.9 9.9 67.7 36.2 93.9s58 34.4 93.9 36.2c37 2.1 147.9 2.1 184.9 0 35.9-1.7 67.7-9.9 93.9-36.2 26.2-26.2 34.4-58 36.2-93.9 2.1-37 2.1-147.8 0-184.8zM398.8 388c-7.8 19.6-22.9 34.7-42.6 42.6-29.5 11.7-99.5 9-132.1 9s-102.7 2.6-132.1-9c-19.6-7.8-34.7-22.9-42.6-42.6-11.7-29.5-9-99.5-9-132.1s-2.6-102.7 9-132.1c7.8-19.6 22.9-34.7 42.6-42.6 29.5-11.7 99.5-9 132.1-9s102.7-2.6 132.1 9c19.6 7.8 34.7 22.9 42.6 42.6 11.7 29.5 9 99.5 9 132.1s2.7 102.7-9 132.1z\"><\/path><\/svg>\t\t\t\t\t<\/a>\n\t\t\t\t<\/span>\n\t\t\t\t\t\t\t<span class=\"elementor-grid-item\" role=\"listitem\">\n\t\t\t\t\t<a class=\"elementor-icon elementor-social-icon elementor-social-icon-youtube elementor-animation-shrink elementor-repeater-item-920dbc2\" href=\"https:\/\/www.youtube.com\/@docentiauautonoma\" target=\"_blank\">\n\t\t\t\t\t\t<span class=\"elementor-screen-only\">Youtube<\/span>\n\t\t\t\t\t\t<svg aria-hidden=\"true\" class=\"e-font-icon-svg e-fab-youtube\" viewbox=\"0 0 576 512\" xmlns=\"http:\/\/www.w3.org\/2000\/svg\"><path d=\"M549.655 124.083c-6.281-23.65-24.787-42.276-48.284-48.597C458.781 64 288 64 288 64S117.22 64 74.629 75.486c-23.497 6.322-42.003 24.947-48.284 48.597-11.412 42.867-11.412 132.305-11.412 132.305s0 89.438 11.412 132.305c6.281 23.65 24.787 41.5 48.284 47.821C117.22 448 288 448 288 448s170.78 0 213.371-11.486c23.497-6.321 42.003-24.171 48.284-47.821 11.412-42.867 11.412-132.305 11.412-132.305s0-89.438-11.412-132.305zm-317.51 213.508V175.185l142.739 81.205-142.739 81.201z\"><\/path><\/svg>\t\t\t\t\t<\/a>\n\t\t\t\t<\/span>\n\t\t\t\t\t<\/div>\n\t\t\t\t\t\t<\/div>\n\t\t\t\t<\/div>\n\t\t\t\t<div class=\"elementor-element elementor-element-f9fa555 elementor-widget elementor-widget-spacer\" data-id=\"f9fa555\" data-element_type=\"widget\" data-e-type=\"widget\" data-widget_type=\"spacer.default\">\n\t\t\t\t<div class=\"elementor-widget-container\">\n\t\t\t\t\t\t\t<div class=\"elementor-spacer\">\n\t\t\t<div class=\"elementor-spacer-inner\"><\/div>\n\t\t<\/div>\n\t\t\t\t\t\t<\/div>\n\t\t\t\t<\/div>\n\t\t\t\t<\/div>\n\t\t\t\t<\/div>\n\t\t\t\t\t<\/div>\n\t\t\t\t<\/div>\n\t\t\t\t<\/div>","protected":false},"excerpt":{"rendered":"<p>Inscripci\u00f3n cursos electivos nivel Avanzado Exclusivo para docentes regulares Fecha de inscripci\u00f3n: 02 al 11 de marzo de 2026 Fecha de inicio y acceso a los cursos: 11 de marzo [&hellip;]<\/p>","protected":false},"author":1,"featured_media":0,"parent":0,"menu_order":0,"comment_status":"closed","ping_status":"closed","template":"","meta":{"_eb_attr":"","_piecal_is_event":false,"_piecal_start_date":"","_piecal_end_date":"","_piecal_is_allday":false,"_EventAllDay":false,"_EventTimezone":"","_EventStartDate":"","_EventEndDate":"","_EventStartDateUTC":"","_EventEndDateUTC":"","_EventShowMap":false,"_EventShowMapLink":false,"_EventURL":"","_EventCost":"","_EventCostDescription":"","_EventCurrencySymbol":"","_EventCurrencyCode":"","_EventCurrencyPosition":"","_EventDateTimeSeparator":"","_EventTimeRangeSeparator":"","_EventOrganizerID":[],"_EventVenueID":[],"_OrganizerEmail":"","_OrganizerPhone":"","_OrganizerWebsite":"","_VenueAddress":"","_VenueCity":"","_VenueCountry":"","_VenueProvince":"","_VenueState":"","_VenueZip":"","_VenuePhone":"","_VenueURL":"","_VenueStateProvince":"","_VenueLat":"","_VenueLng":"","_VenueShowMap":false,"_VenueShowMapLink":false,"footnotes":""},"class_list":["post-6468","page","type-page","status-publish","hentry"],"acf":[],"yoast_head":"<!-- This site is optimized with the Yoast SEO plugin v25.6 - https:\/\/yoast.com\/wordpress\/plugins\/seo\/ -->\n<title>Inscripci\u00f3n cursos Nivel Avanzado - Docentes regulares - Docentia<\/title>\n<meta name=\"robots\" content=\"index, follow, max-snippet:-1, max-image-preview:large, max-video-preview:-1\" \/>\n<link rel=\"canonical\" href=\"https:\/\/docentia.uautonoma.cl\/en\/inscripcion-cursos-nivel-avanzado-docentes-regulares\/\" \/>\n<meta property=\"og:locale\" content=\"en_US\" \/>\n<meta property=\"og:type\" content=\"article\" \/>\n<meta property=\"og:title\" content=\"Inscripci\u00f3n cursos Nivel Avanzado - Docentes regulares - Docentia\" \/>\n<meta property=\"og:description\" content=\"Inscripci\u00f3n cursos electivos nivel Avanzado Exclusivo para docentes regulares Fecha de inscripci\u00f3n: 02 al 11 de marzo de 2026 Fecha de inicio y acceso a los cursos: 11 de marzo [&hellip;]\" \/>\n<meta property=\"og:url\" content=\"https:\/\/docentia.uautonoma.cl\/en\/inscripcion-cursos-nivel-avanzado-docentes-regulares\/\" \/>\n<meta property=\"og:site_name\" content=\"Docentia\" \/>\n<meta property=\"article:modified_time\" content=\"2026-03-05T15:03:01+00:00\" \/>\n<meta name=\"twitter:card\" content=\"summary_large_image\" \/>\n<meta name=\"twitter:label1\" content=\"Est. reading time\" \/>\n\t<meta name=\"twitter:data1\" content=\"1 minute\" \/>\n<script type=\"application\/ld+json\" class=\"yoast-schema-graph\">{\"@context\":\"https:\/\/schema.org\",\"@graph\":[{\"@type\":\"WebPage\",\"@id\":\"https:\/\/docentia.uautonoma.cl\/inscripcion-cursos-nivel-avanzado-docentes-regulares\/\",\"url\":\"https:\/\/docentia.uautonoma.cl\/inscripcion-cursos-nivel-avanzado-docentes-regulares\/\",\"name\":\"Inscripci\u00f3n cursos Nivel Avanzado - Docentes regulares - Docentia\",\"isPartOf\":{\"@id\":\"https:\/\/docentia.uautonoma.cl\/#website\"},\"datePublished\":\"2026-02-24T22:42:29+00:00\",\"dateModified\":\"2026-03-05T15:03:01+00:00\",\"breadcrumb\":{\"@id\":\"https:\/\/docentia.uautonoma.cl\/inscripcion-cursos-nivel-avanzado-docentes-regulares\/#breadcrumb\"},\"inLanguage\":\"en-US\",\"potentialAction\":[{\"@type\":\"ReadAction\",\"target\":[\"https:\/\/docentia.uautonoma.cl\/inscripcion-cursos-nivel-avanzado-docentes-regulares\/\"]}]},{\"@type\":\"BreadcrumbList\",\"@id\":\"https:\/\/docentia.uautonoma.cl\/inscripcion-cursos-nivel-avanzado-docentes-regulares\/#breadcrumb\",\"itemListElement\":[{\"@type\":\"ListItem\",\"position\":1,\"name\":\"Portada\",\"item\":\"https:\/\/docentia.uautonoma.cl\/\"},{\"@type\":\"ListItem\",\"position\":2,\"name\":\"Inscripci\u00f3n cursos Nivel Avanzado &#8211; Docentes regulares\"}]},{\"@type\":\"WebSite\",\"@id\":\"https:\/\/docentia.uautonoma.cl\/#website\",\"url\":\"https:\/\/docentia.uautonoma.cl\/\",\"name\":\"Docentia\",\"description\":\"Centro de Innovaci\u00f3n y Desarrollo Docente\",\"publisher\":{\"@id\":\"https:\/\/docentia.uautonoma.cl\/#organization\"},\"potentialAction\":[{\"@type\":\"SearchAction\",\"target\":{\"@type\":\"EntryPoint\",\"urlTemplate\":\"https:\/\/docentia.uautonoma.cl\/?s={search_term_string}\"},\"query-input\":{\"@type\":\"PropertyValueSpecification\",\"valueRequired\":true,\"valueName\":\"search_term_string\"}}],\"inLanguage\":\"en-US\"},{\"@type\":\"Organization\",\"@id\":\"https:\/\/docentia.uautonoma.cl\/#organization\",\"name\":\"Docentia\",\"url\":\"https:\/\/docentia.uautonoma.cl\/\",\"logo\":{\"@type\":\"ImageObject\",\"inLanguage\":\"en-US\",\"@id\":\"https:\/\/docentia.uautonoma.cl\/#\/schema\/logo\/image\/\",\"url\":\"https:\/\/docentia.uautonoma.cl\/wp-content\/uploads\/2024\/04\/logofinal-01.png\",\"contentUrl\":\"https:\/\/docentia.uautonoma.cl\/wp-content\/uploads\/2024\/04\/logofinal-01.png\",\"width\":4167,\"height\":2084,\"caption\":\"Docentia\"},\"image\":{\"@id\":\"https:\/\/docentia.uautonoma.cl\/#\/schema\/logo\/image\/\"},\"sameAs\":[\"https:\/\/www.linkedin.com\/in\/docentia\/\"]}]}<\/script>\n<!-- \/ Yoast SEO plugin. -->","yoast_head_json":{"title":"Inscripci\u00f3n cursos Nivel Avanzado - Docentes regulares - Docentia","robots":{"index":"index","follow":"follow","max-snippet":"max-snippet:-1","max-image-preview":"max-image-preview:large","max-video-preview":"max-video-preview:-1"},"canonical":"https:\/\/docentia.uautonoma.cl\/en\/inscripcion-cursos-nivel-avanzado-docentes-regulares\/","og_locale":"en_US","og_type":"article","og_title":"Inscripci\u00f3n cursos Nivel Avanzado - Docentes regulares - Docentia","og_description":"Inscripci\u00f3n cursos electivos nivel Avanzado Exclusivo para docentes regulares Fecha de inscripci\u00f3n: 02 al 11 de marzo de 2026 Fecha de inicio y acceso a los cursos: 11 de marzo [&hellip;]","og_url":"https:\/\/docentia.uautonoma.cl\/en\/inscripcion-cursos-nivel-avanzado-docentes-regulares\/","og_site_name":"Docentia","article_modified_time":"2026-03-05T15:03:01+00:00","twitter_card":"summary_large_image","twitter_misc":{"Est. reading time":"1 minute"},"schema":{"@context":"https:\/\/schema.org","@graph":[{"@type":"WebPage","@id":"https:\/\/docentia.uautonoma.cl\/inscripcion-cursos-nivel-avanzado-docentes-regulares\/","url":"https:\/\/docentia.uautonoma.cl\/inscripcion-cursos-nivel-avanzado-docentes-regulares\/","name":"Inscripci\u00f3n cursos Nivel Avanzado - Docentes regulares - Docentia","isPartOf":{"@id":"https:\/\/docentia.uautonoma.cl\/#website"},"datePublished":"2026-02-24T22:42:29+00:00","dateModified":"2026-03-05T15:03:01+00:00","breadcrumb":{"@id":"https:\/\/docentia.uautonoma.cl\/inscripcion-cursos-nivel-avanzado-docentes-regulares\/#breadcrumb"},"inLanguage":"en-US","potentialAction":[{"@type":"ReadAction","target":["https:\/\/docentia.uautonoma.cl\/inscripcion-cursos-nivel-avanzado-docentes-regulares\/"]}]},{"@type":"BreadcrumbList","@id":"https:\/\/docentia.uautonoma.cl\/inscripcion-cursos-nivel-avanzado-docentes-regulares\/#breadcrumb","itemListElement":[{"@type":"ListItem","position":1,"name":"Portada","item":"https:\/\/docentia.uautonoma.cl\/"},{"@type":"ListItem","position":2,"name":"Inscripci\u00f3n cursos Nivel Avanzado &#8211; Docentes regulares"}]},{"@type":"WebSite","@id":"https:\/\/docentia.uautonoma.cl\/#website","url":"https:\/\/docentia.uautonoma.cl\/","name":"Docentia","description":"Centro de Innovaci\u00f3n y Desarrollo Docente","publisher":{"@id":"https:\/\/docentia.uautonoma.cl\/#organization"},"potentialAction":[{"@type":"SearchAction","target":{"@type":"EntryPoint","urlTemplate":"https:\/\/docentia.uautonoma.cl\/?s={search_term_string}"},"query-input":{"@type":"PropertyValueSpecification","valueRequired":true,"valueName":"search_term_string"}}],"inLanguage":"en-US"},{"@type":"Organization","@id":"https:\/\/docentia.uautonoma.cl\/#organization","name":"Docentia","url":"https:\/\/docentia.uautonoma.cl\/","logo":{"@type":"ImageObject","inLanguage":"en-US","@id":"https:\/\/docentia.uautonoma.cl\/#\/schema\/logo\/image\/","url":"https:\/\/docentia.uautonoma.cl\/wp-content\/uploads\/2024\/04\/logofinal-01.png","contentUrl":"https:\/\/docentia.uautonoma.cl\/wp-content\/uploads\/2024\/04\/logofinal-01.png","width":4167,"height":2084,"caption":"Docentia"},"image":{"@id":"https:\/\/docentia.uautonoma.cl\/#\/schema\/logo\/image\/"},"sameAs":["https:\/\/www.linkedin.com\/in\/docentia\/"]}]}},"_links":{"self":[{"href":"https:\/\/docentia.uautonoma.cl\/en\/wp-json\/wp\/v2\/pages\/6468","targetHints":{"allow":["GET"]}}],"collection":[{"href":"https:\/\/docentia.uautonoma.cl\/en\/wp-json\/wp\/v2\/pages"}],"about":[{"href":"https:\/\/docentia.uautonoma.cl\/en\/wp-json\/wp\/v2\/types\/page"}],"author":[{"embeddable":true,"href":"https:\/\/docentia.uautonoma.cl\/en\/wp-json\/wp\/v2\/users\/1"}],"replies":[{"embeddable":true,"href":"https:\/\/docentia.uautonoma.cl\/en\/wp-json\/wp\/v2\/comments?post=6468"}],"version-history":[{"count":13,"href":"https:\/\/docentia.uautonoma.cl\/en\/wp-json\/wp\/v2\/pages\/6468\/revisions"}],"predecessor-version":[{"id":6609,"href":"https:\/\/docentia.uautonoma.cl\/en\/wp-json\/wp\/v2\/pages\/6468\/revisions\/6609"}],"wp:attachment":[{"href":"https:\/\/docentia.uautonoma.cl\/en\/wp-json\/wp\/v2\/media?parent=6468"}],"curies":[{"name":"wp","href":"https:\/\/api.w.org\/{rel}","templated":true}]}}